{"id":1145,"date":"2024-09-07T22:03:11","date_gmt":"2024-09-07T20:03:11","guid":{"rendered":"https:\/\/polygon.tn\/sign-up\/"},"modified":"2024-11-25T14:35:06","modified_gmt":"2024-11-25T13:35:06","slug":"sign-up","status":"publish","type":"page","link":"https:\/\/polygon.tn\/en\/sign-up\/","title":{"rendered":"Sign up"},"content":{"rendered":"<div class=\"container\">\n<style type=\"text\/css\">#nex-forms{display:none;}<\/style><div id=\"nf_form_93672\">\r\n\t\t\t\r\n\t\t\t<style type=\"text\/css\">\r\n\t\t\t\r\n\t\t\t\t#nex-forms.offre-stage .nf-loader-lds-spinner div:after {background: #40C4FF; }\r\n\t\t\t\t#nex-forms.offre-stage .nf-loader-lds-grid div {background: #40C4FF; }\r\n\t\t\t\t#nex-forms.offre-stage .nf-loader-lds-ellipsis div { background: #40C4FF;}\r\n\t\t\t\t#nex-forms.offre-stage .nf-loader-lds-default div {background: #40C4FF;}\r\n\t\t\t\t#nex-forms.offre-stage .nf-loader-lds-roller div:after {background: #40C4FF;}\r\n\t\t\t\t#nex-forms.offre-stage .nf-loader-lds-heart div,\r\n\t\t\t\t#nex-forms.offre-stage .nf-loader-lds-heart div:after,\r\n\t\t\t\t#nex-forms.offre-stage .nf-loader-lds-heart div:before {background: #40C4FF;}\r\n\t\r\n\t\t\t\t\r\n\t\t\t\t#nex-forms.offre-stage .nf-loader-lds-facebook div {background: #40C4FF;}\r\n\t\t\t\t#nex-forms.offre-stage .nf-loader-lds-circle > div {background: #40C4FF;}\r\n\t\t\t\t\r\n\t\t\t\t#nex-forms.offre-stage .nf-loader-lds-dual-ring:after {border: 6px solid #40C4FF;border-color: #40C4FF transparent #40C4FF transparent;}\r\n\t\t\t\t#nex-forms.offre-stage .nf-loader-lds-ring div {border: 8px solid #40C4FF;border-color: #40C4FF transparent transparent transparent;}\r\n\t\t\t\t#nex-forms.offre-stage .nf-loader-lds-hourglass:after {border: 32px solid #40C4FF;border-color: #40C4FF transparent #40C4FF transparent;}\r\n\t\t\t\t#nex-forms.offre-stage .nf-loader-lds-ripple div {border: 4px solid #40C4FF;}\r\n\t\t\t<\/style>\r\n\t\t\t\r\n\t\t\t\r\n\t\t\t<div id=\"nex-forms\" data-loader=\"ellipsis\" data-msg-hide-form=\"yes\" data-msg-position=\"top\" data-msg-placement=\"outside\"  class=\"nex-forms offre-stage  \"><div class=\"pre_fill_fields\"><\/div><div class=\"set_form_theme theme-default\"><div class=\"nex_success_message msg_top msgv2 animated hidden\" style=\"display:none;\"><div class=\"nex_success_message_container\" style=\"background: #fff; box-shadow: #00000033 0px 7px 16px 0px; border-radius: 4px; padding: 30px; border-color:#ddd;\"><div class=\"msg_text\"><div class=\"form_field all_fields icon html_fields wow bounceInUp\" style=\"margin-bottom: 15px;\" id=\"_21501\" data-animation-name=\"bounceInUp\">\n\t\t\t\t\t\t\t  <div class=\"edit_mask\"><\/div>\n\t\t\t\t\t\t\t  \n\t\t\t\t\t\t\t\t<div class=\"icon_container_wrapper icon_center\">\n\t\t\t\t\t\t\t\t  <div class=\"icon_container\" id=\"field_container\" style=\"border-width: 0px; background-color: transparent;\">\n\t\t\t\t\t\t\t\t\t<div class=\"\">\n\t\t\t\t\t\t\t\t\t  <div class=\"input_container\">\n\t\t\t\t\t\t\t\t\t\t<div class=\"the_input_element icon_element\" style=\"font-size: 50px; color: #2979ff;\"><span class=\"fas fa-check-circle\"><\/span><\/div>\n\t\t\t\t\t\t\t\t\t  <\/div>\n\t\t\t\t\t\t\t\t\t<\/div>\n\t\t\t\t\t\t\t\t  <\/div>\n\t\t\t\t\t\t\t\t  \n\t\t\t\t\t\t\t\t<\/div>\n\t\t\t\t\t\t\t  \n\t\t\t\t\t\t\t<\/div>\n\t\t\t\t\t\t\t<div class=\"form_field all_fields html html_fields wow fadeInDown\" style=\"margin-bottom: 15px;\" data-animation-name=\"fadeInDown\" data-wow-delay=\"0.5s\" id=\"_24853\">\n\t\t\t\t\t\t\t  <div class=\"edit_mask\"><\/div>\n\t\t\t\t\t\t\t  \n\t\t\t\t\t\t\t\t<div class=\"row\">\n\t\t\t\t\t\t\t\t  <div class=\"col-sm-12\" id=\"field_container\">\n\t\t\t\t\t\t\t\t\t<div class=\"row\">\n\t\t\t\t\t\t\t\t\t  <div class=\"col-sm-12 input_container\">\n\t\t\t\t\t\t\t\t\t\t<div class=\"the_input_element align_center\" data-math-equation=\"\" data-original-math-equation=\"\" data-decimal-places=\"0\">Thank you for connecting with us. We will respond to you shortly.<\/div>\n\t\t\t\t\t\t\t\t\t\t<div style=\"clear:both;\"><\/div>\n\t\t\t\t\t\t\t\t\t  <\/div>\n\t\t\t\t\t\t\t\t\t<\/div>\n\t\t\t\t\t\t\t\t  <\/div>\n\t\t\t\t\t\t\t\t  \n\t\t\t\t\t\t\t\t<\/div>\n\t\t\t\t\t\t\t  \n\t\t\t\t\t\t\t<\/div><\/div><\/div><\/div><div data-timer-start=\"1\" data-timer-end=\"0\" class=\"inner-canvas-container ui-nex-forms-container ui-nex-forms-container-fe  bootstrap\" id=\"ui-nex-forms-container-7\"  ><div class=\"current_step\" style=\"display:none;\">1<\/div><div class=\"last_visited_step\" style=\"display:none;\">1<\/div><div class=\"nex-forms-header-footer nex-forms-header timer_inline timer_right \"><div class=\"bc-outer-container \"><div style=\"\" class=\"nf_ms_breadcrumb  bc-gutter-20 bc-top bc-solid bc-connected bc-unfolded pilled \">\n\t\t\t\t\t\t\t\t\t\t<ul class=\"the_br  align_left pilled  md-color-default\" data-align-crumb=\"align_left\" data-text-pos=\"text-bottom\" data-breadcrumb-type=\"pilled\" data-theme=\"default\" data-show-front-end=\"yes\" data-show-inside=\"no\">\n\t\t\t\t\t\t\t\t\t\t\n\t\t\t\t\t\t\t\t\t\t<\/ul>\n\t\t\t\t\t\t\t\t\t\t<div class=\"nf_progressbar the_br\" style=\"display:none;\" data-text-pos=\"text-bottom\" data-breadcrumb-type=\"pilled\" data-theme=\"default\" data-show-front-end=\"yes\" data-show-inside=\"no\">\n\t\t\t\t\t\t\t\t\t\t\t<div class=\"nf_progressbar_percentage md-color-default\" style=\"width:5%;\">\n\t\t\t\t\t\t\t\t\t\t\t\t<span>0%<\/span>\n\t\t\t\t\t\t\t\t\t\t\t<\/div>\n\t\t\t\t\t\t\t\t\t\t<\/div>\n\t\t\t\t\t\t\t\t\t\t\n\t\t\t\t\t\t\t\t\t\t<div style=\"clear:both\"><\/div>\n\t\t\t\t\t\t\t\t\t<\/div><\/div><\/div><div id=\"the_plugin_url\" style=\"display:none;\">https:\/\/polygon.tn\/wp-content\/plugins\/nex-forms-express-wp-form-builder<\/div><div id=\"nf_save_form_progress\" style=\"display:none;\">false<\/div><div class=\"hidden\" id=\"nf_ajax_url\" style=\"display:none;\">https:\/\/polygon.tn\/wp-admin\/admin-ajax.php<\/div><div class=\"hidden\" id=\"paypal_return_url\" style=\"display:none;\">https:\/\/polygon.tn\/en\/wp-json\/wp\/v2\/pages\/1145\/<\/div><div class=\"hidden\" id=\"ms_scroll_to_top\" style=\"display:none;\">yes<\/div><div class=\"v7_container form_type_normal   \" style=\"background: transparent; border-radius: 4px; padding: 30px; border-color: #dddddd;\"><div class=\"current_field_on_focus\" style=\"display:none\">1<\/div><form id=\"7\" class=\"submit-nex-form nex-forms-7\" data-form-id=\"7\" name=\"nex_form\" action=\"https:\/\/polygon.tn\/wp-admin\/admin-ajax.php\" method=\"post\" enctype=\"multipart\/form-data\"><div class=\"step_transition_in\" style=\"display:none;\">fadeIn<\/div><div class=\"step_transition_out\" style=\"display:none;\">fadeOut<\/div><input type=\"hidden\" name=\"nex_forms_Id\" value=\"7\"><input type=\"hidden\" name=\"ip\" value=\"216.73.217.63\"><input type=\"hidden\" name=\"nf_page_id\" value=\"1145\"><input type=\"hidden\" name=\"nf_page_title\" value=\"Sign up\"><input type=\"text\" name=\"company_url\" value=\"\" placeholder=\"enter company url\" class=\"form-control req\">\n\t\t\t\t\t\t\t<div class=\"form_field hidden\" id=\"_90655\" style=\"\">\n\t\t\t\t\t\t\t\t<input class=\"ms_current_step\" value=\"1\" name=\"ms_current_step\" type=\"hidden\" autocomplete=\"enabled\" id=\"_90655__ms_current_step\">\n\t\t\t\t\t\t\t<\/div>\n\t\t\t\t\t\t\t<div class=\"grid-system-2 has_prefix_icon is_grid\" id=\"_15149\" style=\"position: relative; left: 0px; top: 0px;\"><div class=\"row grid_row\"><div class=\"grid_input_holder id-_15149 col-sm-6 grid-target-0\" data-grid-width=\"6\" data-grid-num=\"0\"><div class=\"form_field all_fields name preset_fields required has_prefix_icon\" style=\"margin-bottom: 15px; position: relative; top: 0px;\" id=\"_65225\"><div class=\"row\"><div class=\"col-sm-12\" id=\"field_container\"><div class=\"row\"><div class=\"col-sm-12 label_container align_left\"><label class=\"nf_title \" for=\"input__65225\"><span class=\"the_label\" style=\"font-size: 13px; color: #5b5b5b;\">*Nom<\/span><\/label><\/div><div class=\"col-sm-12  input_container\"><div class=\"input-group\"><span class=\"input-group-addon prefix \" style=\"color: #888888; background: white; border-color: #dddddd;\"><span class=\"fa fas fa-user\" style=\"font-size: 17px;\"><\/span><\/span><input type=\"text\" name=\"nom\" class=\"error_message required form-control the_input_element aling_left align_left\" data-onfocus-color=\"#66AFE9\" data-drop-focus-swadow=\"1\" data-placement=\"bottom\" data-content=\"Required\" title=\"\" data-secondary-message=\"\" style=\"font-size: 13px; color: #5b5b5b; background: white; border-color: #dddddd;\" id=\"input__65225\" autocomplete=\"enabled\"><\/div><\/div><\/div><\/div><\/div><\/div><div class=\"form_field all_fields email email preset_fields required has_prefix_icon\" style=\"margin-bottom: 15px; position: relative; top: 0px;\" id=\"_34874\"><div class=\"row\"><div class=\"col-sm-12\" id=\"field_container\"><div class=\"row\"><div class=\"col-sm-12 label_container align_left\"><label class=\"nf_title \" for=\"input__34874\"><span class=\"the_label\" style=\"font-size: 13px; color: #5b5b5b;\">*Email<\/span><\/label><\/div><div class=\"col-sm-12  input_container\"><div class=\"input-group\"><span class=\"input-group-addon prefix \" style=\"color: #888888; background: white; border-color: #dddddd;\"><span class=\"fa fas fa-envelope\" style=\"font-size: 17px;\"><\/span><\/span><input type=\"text\" name=\"email\" class=\"error_message required email form-control the_input_element aling_left align_left\" data-onfocus-color=\"#66AFE9\" data-drop-focus-swadow=\"1\" data-placement=\"bottom\" data-content=\"Required\" title=\"\" data-secondary-message=\"Invalid email address\" style=\"font-size: 13px; color: #5b5b5b; background: white; border-color: #dddddd;\" id=\"input__34874\" autocomplete=\"enabled\"><\/div><\/div><\/div><\/div><\/div><\/div><div class=\"form_field all_fields radio-group common_fields selection_fields\" style=\"margin-bottom: 15px; position: relative; top: 0px;\" id=\"_26922\"><div class=\"row\"><div class=\"col-sm-12\" id=\"field_container\"><div class=\"row\"><div class=\"col-sm-12 label_container align_left\"><label class=\"nf_title \"><span class=\"the_label\" style=\"font-size: 13px; color: #5b5b5b;\">Universit\u00e9<\/span><\/label><\/div><div class=\"input_holder radio-group no-pre-suffix\"><div class=\"col-sm-12 the-radios input_container error_message\" id=\"the-radios\" data-checked-color=\"\" data-checked-class=\"fa-circle\" data-unchecked-class=\"\" data-placement=\"bottom\" data-content=\"Required\" title=\"\"><label class=\"radio-inline \" for=\"__7__26922_universit\u00e9_Polygon IT_polygon_it\"><span class=\"has-pretty-child\"><div class=\"clearfix prettyradio labelright blue has-pretty-child\"><input class=\"radio the_input_element\" type=\"radio\" name=\"universit\u00e9\" id=\"__7__26922_universit\u00e9_Polygon IT_polygon_it\" value=\"Polygon IT\" style=\"display: none;\" autocomplete=\"enabled\"><a class=\"fa ui-state-default\" rel=\"nofollow\" href=\"#\">.<\/a><\/div><span class=\"input-label radio-label\" style=\"color: #5b5b5b;\">Polygon IT<\/span><\/span><\/label><label class=\"radio-inline \" for=\"__7__26922_universit\u00e9_Polygon Business_polygon_business\"><span class=\"has-pretty-child\"><div class=\"clearfix prettyradio labelright blue has-pretty-child\"><input class=\"radio the_input_element\" type=\"radio\" name=\"universit\u00e9\" id=\"__7__26922_universit\u00e9_Polygon Business_polygon_business\" value=\"Polygon Business\" style=\"display: none;\" autocomplete=\"enabled\"><a class=\"fa ui-state-default\" rel=\"nofollow\" href=\"#\">.<\/a><\/div><span class=\"input-label radio-label\" style=\"color: #5b5b5b;\">Polygon Business<\/span><\/span><\/label><\/div><\/div><\/div><\/div><\/div><\/div><\/div><div class=\"grid_input_holder id-_15149 col-sm-6 grid-target-1\" data-grid-width=\"6\" data-grid-num=\"1\"><div class=\"form_field all_fields name preset_fields required has_prefix_icon\" style=\"margin-bottom: 15px; position: relative; top: 0px;\" id=\"_19187\"><div class=\"row\"><div class=\"col-sm-12\" id=\"field_container\"><div class=\"row\"><div class=\"col-sm-12 label_container align_left\"><label class=\"nf_title \" for=\"input__19187\"><span class=\"the_label\" style=\"font-size: 13px; color: #5b5b5b;\">*Pr\u00e9nom<\/span><\/label><\/div><div class=\"col-sm-12  input_container\"><div class=\"input-group\"><span class=\"input-group-addon prefix \" style=\"color: #888888; background: white; border-color: #dddddd;\"><span class=\"fa fas fa-user\" style=\"font-size: 17px;\"><\/span><\/span><input type=\"text\" name=\"pr\u00e9nom\" class=\"error_message required form-control the_input_element aling_left align_left\" data-onfocus-color=\"#66AFE9\" data-drop-focus-swadow=\"1\" data-placement=\"bottom\" data-content=\"Required\" title=\"\" data-secondary-message=\"\" style=\"font-size: 13px; color: #5b5b5b; background: white; border-color: #dddddd;\" id=\"input__19187\" autocomplete=\"enabled\"><\/div><\/div><\/div><\/div><\/div><\/div><div class=\"form_field all_fields phone_number phone_number preset_fields required has_prefix_icon\" style=\"margin-bottom: 15px; position: relative; top: 0px;\" id=\"_48676\"><div class=\"row\"><div class=\"col-sm-12\" id=\"field_container\"><div class=\"row\"><div class=\"col-sm-12 label_container align_left\"><label class=\"nf_title \" for=\"input__48676\"><span class=\"the_label\" style=\"font-size: 13px; color: #5b5b5b;\">*T\u00e9l\u00e9phone<\/span><\/label><\/div><div class=\"col-sm-12  input_container\"><div class=\"input-group\"><span class=\"input-group-addon prefix \" style=\"color: #888888; background: white; border-color: #dddddd;\"><span class=\"fa fa fa-phone\" style=\"font-size: 17px;\"><\/span><\/span><input type=\"text\" name=\"t\u00e9l\u00e9phone\" class=\"error_message required phone_number form-control the_input_element aling_left align_left\" data-onfocus-color=\"#66AFE9\" data-drop-focus-swadow=\"1\" data-placement=\"bottom\" data-content=\"Required\" title=\"\" data-secondary-message=\"Invalid phone number\" style=\"font-size: 13px; color: #5b5b5b; background: white; border-color: #dddddd;\" id=\"input__48676\" autocomplete=\"enabled\"><\/div><\/div><\/div><\/div><\/div><\/div><div class=\"form_field all_fields select common_fields selection_fields hidden\" style=\"margin-bottom: 15px; position: relative; top: 0px; display: none;\" id=\"_99124\"><div class=\"row\"><div class=\"col-sm-12\" id=\"field_container\"><div class=\"row\"><div class=\"col-sm-12 label_container align_left\"><label class=\"nf_title \" for=\"input__99124\"><span class=\"the_label\" style=\"font-size: 13px; color: #5b5b5b;\">Specialit\u00e9<\/span><\/label><\/div><div class=\"col-sm-12  input_container\"><select name=\"specialit\u00e9-business\" class=\"the_input_element error_message text pre-format form-control aling_left align_left\" data-content=\"Required\" style=\"font-size: 13px; color: #5b5b5b; background: white; border-color: #dddddd;\" data-default-selected-value=\"0\" id=\"input__99124\"><option value=\"0\" selected=\"selected\">--- Select ---<\/option><option value=\"Licence Business Intelligence (IA)\">Licence Business Intelligence (IA)<\/option><option value=\"Licence G\u00e9nie Logiciel et Syst\u00e8mes Informatiques (GLSI)\">Licence G\u00e9nie Logiciel et Syst\u00e8mes Informatiques (GLSI)<\/option><option value=\"Licence Ing\u00e9nierie des R\u00e9seaux et Syst\u00e8mes\">Licence Ing\u00e9nierie des R\u00e9seaux et Syst\u00e8mes<\/option><option value=\"Master Cloud Computing\">Master Cloud Computing<\/option><option value=\"Master Ing\u00e9nierie du Logiciel\">Master Ing\u00e9nierie du Logiciel<\/option><option value=\"Master S\u00e9curit\u00e9 des syst\u00e8mes informatiques et des r\u00e9seaux\">Master S\u00e9curit\u00e9 des syst\u00e8mes informatiques et des r\u00e9seaux<\/option><option value=\"Master Sciences des donn\u00e9es\">Master Sciences des donn\u00e9es<\/option><option value=\"Master Informatique de Gestion\">Master Informatique de Gestion<\/option><\/select><\/div><\/div><\/div><\/div><\/div><div class=\"form_field all_fields select common_fields selection_fields hidden\" style=\"margin-bottom: 15px; position: relative; top: 0px; display: none;\" id=\"_15494\"><div class=\"row\"><div class=\"col-sm-12\" id=\"field_container\"><div class=\"row\"><div class=\"col-sm-12 label_container align_left\"><label class=\"nf_title \" for=\"input__15494\"><span class=\"the_label\" style=\"font-size: 13px; color: #5b5b5b;\">Specialit\u00e9 <\/span><\/label><\/div><div class=\"col-sm-12  input_container\"><select name=\"specialit\u00e9_it\" class=\"the_input_element error_message text pre-format form-control aling_left align_left\" data-content=\"Required\" style=\"font-size: 13px; color: #5b5b5b; background: white; border-color: #dddddd;\" data-default-selected-value=\"0\" id=\"input__15494\"><option value=\"0\" selected=\"selected\">--- Select ---<\/option><option value=\"Licence Marketing\">Licence Marketing<\/option><option value=\"Licence Management d\u2019affaires\">Licence Management d\u2019affaires<\/option><option value=\"Licence Finance\">Licence Finance<\/option><option value=\"Licence Comptabilit\u00e9\">Licence Comptabilit\u00e9<\/option><option value=\"Licence Gestion des Ressources Humaines\">Licence Gestion des Ressources Humaines<\/option><option value=\"Licence en Supply Chain Management et Logistique\">Licence en Supply Chain Management et Logistique<\/option><option value=\"Master en Infonuagerie ou Cloud Computing\">Master en Infonuagerie ou Cloud Computing<\/option><option value=\"Master en Ing\u00e9nierie du Logiciel\">Master en Ing\u00e9nierie du Logiciel<\/option><option value=\"Master en S\u00e9curit\u00e9 des syst\u00e8mes informatiques et des r\u00e9seaux\">Master en S\u00e9curit\u00e9 des syst\u00e8mes informatiques et des r\u00e9seaux<\/option><option value=\"Master en Sciences des donn\u00e9es\">Master en Sciences des donn\u00e9es<\/option><option value=\"Master en Informatique de Gestion\">Master en Informatique de Gestion<\/option><\/select><\/div><\/div><\/div><\/div><\/div><\/div><\/div><\/div><div class=\"form_field all_fields submit-button submit-button the_submit button_fields common_fields preset_fields special_fields selection_fields\" style=\"margin-bottom: 15px;\" id=\"_64379\"><div class=\"row\"><div class=\"col-sm-12\" id=\"field_container\"><div class=\"row\"><div class=\"col-sm-12 input_container\"><button class=\"nex-submit svg_ready the_input_element btn btn-default\" data-ga=\"\" style=\"background-color: #fec03f; color: #ffffff; border-color: #fec03f;\">Envoyer<\/button><\/div><\/div><\/div><\/div><\/div>Powered by <a href=\"https:\/\/basixonline.net\/nex-forms\/pricing\/?utm_source=wordpress_fs&amp;utm_medium=upgrade&amp;utm_content=ui\" target=\"_blank\" rel=\"noopener\">NEX-Forms<\/a><\/form><\/div><\/div><\/div><\/div><\/div><style type=\"text\/css\" class=\"nex-forms-custom-css\"><\/style>\n<\/div>\n","protected":false},"excerpt":{"rendered":"","protected":false},"author":1,"featured_media":0,"parent":0,"menu_order":0,"comment_status":"closed","ping_status":"closed","template":"","meta":{"_acf_changed":false,"footnotes":""},"class_list":["post-1145","page","type-page","status-publish","hentry"],"acf":[],"_links":{"self":[{"href":"https:\/\/polygon.tn\/en\/wp-json\/wp\/v2\/pages\/1145","targetHints":{"allow":["GET"]}}],"collection":[{"href":"https:\/\/polygon.tn\/en\/wp-json\/wp\/v2\/pages"}],"about":[{"href":"https:\/\/polygon.tn\/en\/wp-json\/wp\/v2\/types\/page"}],"author":[{"embeddable":true,"href":"https:\/\/polygon.tn\/en\/wp-json\/wp\/v2\/users\/1"}],"replies":[{"embeddable":true,"href":"https:\/\/polygon.tn\/en\/wp-json\/wp\/v2\/comments?post=1145"}],"version-history":[{"count":1,"href":"https:\/\/polygon.tn\/en\/wp-json\/wp\/v2\/pages\/1145\/revisions"}],"predecessor-version":[{"id":1148,"href":"https:\/\/polygon.tn\/en\/wp-json\/wp\/v2\/pages\/1145\/revisions\/1148"}],"wp:attachment":[{"href":"https:\/\/polygon.tn\/en\/wp-json\/wp\/v2\/media?parent=1145"}],"curies":[{"name":"wp","href":"https:\/\/api.w.org\/{rel}","templated":true}]}}