{"id":882,"date":"2024-11-06T14:41:01","date_gmt":"2024-11-06T13:41:01","guid":{"rendered":"https:\/\/polygon.tn\/?post_type=product&#038;p=882"},"modified":"2025-03-17T08:31:55","modified_gmt":"2025-03-17T07:31:55","slug":"social-media-marketing","status":"publish","type":"product","link":"https:\/\/polygon.tn\/en\/boutique\/formation-continue\/social-media-marketing\/","title":{"rendered":"Social media marketing"},"content":{"rendered":"<p><span style=\"font-weight: 400;\">La formation en Social media marketing , lanc\u00e9e en 2014 et r\u00e9guli\u00e8rement mise \u00e0 jour, est con\u00e7ue pour vous fournir les comp\u00e9tences essentielles afin de ma\u00eetriser les outils d\u2019analyse des m\u00e9dias sociaux et devenir un influenceur. Vous apprendrez \u00e0 cr\u00e9er une strat\u00e9gie de marketing compl\u00e8te sur les m\u00e9dias sociaux, de la compr\u00e9hension des attentes des consommateurs \u00e0 la mesure des r\u00e9sultats obtenus. Vous disposerez \u00e9galement de bo\u00eetes \u00e0 outils pratiques et de ressources actualis\u00e9es tout au long de la formation. En vous inscrivant au Capstone, vous recevrez une bo\u00eete \u00e0 outils suppl\u00e9mentaire pour la planification de march\u00e9.<\/span><\/p>\n<h2><span style=\"font-weight: 400;\">Les modules de la formation Social media marketing incluent :<\/span><\/h2>\n<ul>\n<li><span style=\"font-weight: 400;\">Qu&#8217;est-ce que le social ?<\/span><\/li>\n<li><span style=\"font-weight: 400;\">L&#8217;importance de l&#8217;\u00e9coute<\/span><\/li>\n<li><span style=\"font-weight: 400;\">Strat\u00e9gies d&#8217;engagement et de fid\u00e9lisation<\/span><\/li>\n<li><span style=\"font-weight: 400;\">Contenu, publicit\u00e9 et IMC social<\/span><\/li>\n<li><span style=\"font-weight: 400;\">Le commerce du social<\/span><\/li>\n<\/ul>\n","protected":false},"excerpt":{"rendered":"<p>Lorem ipsum dolor sit amet, consectetur adipiscing elit. Ut elit tellus, luctus nec ullamcorper mattis, pulvinar dapibus leo.<\/p>\n","protected":false},"featured_media":17152,"comment_status":"open","ping_status":"closed","template":"","meta":{"_acf_changed":false},"product_brand":[],"product_cat":[60,61],"product_tag":[],"class_list":{"0":"post-882","1":"product","2":"type-product","3":"status-publish","4":"has-post-thumbnail","6":"product_cat-formation-continue","7":"product_cat-nano-diplomes","8":"pa_langue-francais","9":"pa_langue-anglais","11":"first","12":"instock","13":"shipping-taxable","14":"product-type-simple"},"acf":[],"_links":{"self":[{"href":"https:\/\/polygon.tn\/en\/wp-json\/wp\/v2\/product\/882","targetHints":{"allow":["GET"]}}],"collection":[{"href":"https:\/\/polygon.tn\/en\/wp-json\/wp\/v2\/product"}],"about":[{"href":"https:\/\/polygon.tn\/en\/wp-json\/wp\/v2\/types\/product"}],"replies":[{"embeddable":true,"href":"https:\/\/polygon.tn\/en\/wp-json\/wp\/v2\/comments?post=882"}],"wp:featuredmedia":[{"embeddable":true,"href":"https:\/\/polygon.tn\/en\/wp-json\/wp\/v2\/media\/17152"}],"wp:attachment":[{"href":"https:\/\/polygon.tn\/en\/wp-json\/wp\/v2\/media?parent=882"}],"wp:term":[{"taxonomy":"product_brand","embeddable":true,"href":"https:\/\/polygon.tn\/en\/wp-json\/wp\/v2\/product_brand?post=882"},{"taxonomy":"product_cat","embeddable":true,"href":"https:\/\/polygon.tn\/en\/wp-json\/wp\/v2\/product_cat?post=882"},{"taxonomy":"product_tag","embeddable":true,"href":"https:\/\/polygon.tn\/en\/wp-json\/wp\/v2\/product_tag?post=882"}],"curies":[{"name":"wp","href":"https:\/\/api.w.org\/{rel}","templated":true}]}}